{"id":3706,"date":"2021-06-16T11:33:06","date_gmt":"2021-06-16T09:33:06","guid":{"rendered":"https:\/\/laurits.qodeinteractive.com\/?page_id=3706"},"modified":"2022-05-04T01:51:33","modified_gmt":"2022-05-03T23:51:33","slug":"kontakt","status":"publish","type":"page","link":"https:\/\/grafika.muisto.co\/index.php\/kontakt\/","title":{"rendered":"Kontakt"},"content":{"rendered":"\t\t<div data-elementor-type=\"wp-page\" data-elementor-id=\"3706\" class=\"elementor elementor-3706\">\n\t\t\t\t\t\t\t\t\t<section class=\"elementor-section elementor-top-section elementor-element elementor-element-26e54f8 elementor-section-full_width elementor-section-height-default elementor-section-height-default qodef-backgound-letter-holder-no qodef-elementor-content-no\" data-id=\"26e54f8\" data-element_type=\"section\">\n\t\t\t\t\t\t<div class=\"elementor-container elementor-column-gap-default\">\n\t\t\t\t\t<div class=\"elementor-column elementor-col-50 elementor-top-column elementor-element elementor-element-503946e qodef-sticky-column qodef-sticky-fixed\" data-id=\"503946e\" data-element_type=\"column\" data-settings=\"{&quot;background_background&quot;:&quot;classic&quot;}\">\n\t\t\t<div class=\"elementor-widget-wrap elementor-element-populated\">\n\t\t\t\t\t\t\t\t<div class=\"elementor-element elementor-element-ae9f43f elementor-widget elementor-widget-laurits_core_single_image\" data-id=\"ae9f43f\" data-element_type=\"widget\" data-widget_type=\"laurits_core_single_image.default\">\n\t\t\t\t<div class=\"elementor-widget-container\">\n\t\t\t<div class=\"qodef-shortcode qodef-m  qodef-single-image qodef-single-image-868 qodef-layout--default qodef-full-height qodef-appear-animation--yes qodef-zoom-scroll-animation--no\" data-appearing-delay=\"0\">\n\t<div class=\"qodef-m-image\">\n\t\t\t\t\t<img decoding=\"async\" width=\"2048\" height=\"2205\" src=\"https:\/\/grafika.muisto.co\/wp-content\/uploads\/2022\/01\/contactmegruner4.jpg\" class=\"attachment-full size-full\" alt=\"\" srcset=\"https:\/\/grafika.muisto.co\/wp-content\/uploads\/2022\/01\/contactmegruner4.jpg 2048w, https:\/\/grafika.muisto.co\/wp-content\/uploads\/2022\/01\/contactmegruner4-279x300.jpg 279w, https:\/\/grafika.muisto.co\/wp-content\/uploads\/2022\/01\/contactmegruner4-951x1024.jpg 951w, https:\/\/grafika.muisto.co\/wp-content\/uploads\/2022\/01\/contactmegruner4-768x827.jpg 768w, https:\/\/grafika.muisto.co\/wp-content\/uploads\/2022\/01\/contactmegruner4-1427x1536.jpg 1427w, https:\/\/grafika.muisto.co\/wp-content\/uploads\/2022\/01\/contactmegruner4-1902x2048.jpg 1902w, https:\/\/grafika.muisto.co\/wp-content\/uploads\/2022\/01\/contactmegruner4-600x646.jpg 600w\" sizes=\"(max-width: 2048px) 100vw, 2048px\" \/>\t\t\t<\/div>\n<\/div>\n\t\t<\/div>\n\t\t\t\t<\/div>\n\t\t\t\t\t<\/div>\n\t\t<\/div>\n\t\t\t\t<div class=\"elementor-column elementor-col-50 elementor-top-column elementor-element elementor-element-e1cbdd2\" data-id=\"e1cbdd2\" data-element_type=\"column\">\n\t\t\t<div class=\"elementor-widget-wrap elementor-element-populated\">\n\t\t\t\t\t\t\t\t<div class=\"elementor-element elementor-element-3a8b6d2 elementor-widget elementor-widget-spacer\" data-id=\"3a8b6d2\" data-element_type=\"widget\" data-widget_type=\"spacer.default\">\n\t\t\t\t<div class=\"elementor-widget-container\">\n\t\t\t<style>\/*! elementor - v3.6.5 - 27-04-2022 *\/\n.e-container.e-container--row .elementor-spacer-inner{width:var(--spacer-size)}.e-container.e-container--column .elementor-spacer-inner,.elementor-column .elementor-spacer-inner{height:var(--spacer-size)}<\/style>\t\t<div class=\"elementor-spacer\">\n\t\t\t<div class=\"elementor-spacer-inner\"><\/div>\n\t\t<\/div>\n\t\t\t\t<\/div>\n\t\t\t\t<\/div>\n\t\t\t\t<div class=\"elementor-element elementor-element-09ace90 elementor-widget__width-initial elementor-widget elementor-widget-text-editor\" data-id=\"09ace90\" data-element_type=\"widget\" data-settings=\"{&quot;_animation&quot;:&quot;none&quot;}\" data-widget_type=\"text-editor.default\">\n\t\t\t\t<div class=\"elementor-widget-container\">\n\t\t\t<style>\/*! elementor - v3.6.5 - 27-04-2022 *\/\n.elementor-widget-text-editor.elementor-drop-cap-view-stacked .elementor-drop-cap{background-color:#818a91;color:#fff}.elementor-widget-text-editor.elementor-drop-cap-view-framed .elementor-drop-cap{color:#818a91;border:3px solid;background-color:transparent}.elementor-widget-text-editor:not(.elementor-drop-cap-view-default) .elementor-drop-cap{margin-top:8px}.elementor-widget-text-editor:not(.elementor-drop-cap-view-default) .elementor-drop-cap-letter{width:1em;height:1em}.elementor-widget-text-editor .elementor-drop-cap{float:left;text-align:center;line-height:1;font-size:50px}.elementor-widget-text-editor .elementor-drop-cap-letter{display:inline-block}<\/style>\t\t\t\t<h1>Ciesz\u0119 si\u0119, \u017ce tu jeste\u015b. Ju\u017c jad\u0119 do Ciebie.<\/h1>\t\t\t\t\t\t<\/div>\n\t\t\t\t<\/div>\n\t\t\t\t<div class=\"elementor-element elementor-element-908f698 elementor-widget__width-initial elementor-widget-tablet__width-inherit elementor-widget elementor-widget-laurits_core_section_title\" data-id=\"908f698\" data-element_type=\"widget\" data-widget_type=\"laurits_core_section_title.default\">\n\t\t\t\t<div class=\"elementor-widget-container\">\n\t\t\t<div class=\"qodef-shortcode qodef-m  qodef-section-title qodef-alignment--left  qodef-appear-animation--no \">\n\t\t\t\t<p class=\"qodef-m-title-text\" style=\"margin-top: 23px\">Z pewno\u015bci\u0105 b\u0119d\u0119 m\u00f3g\u0142 co\u015b dla Ciebie zrobi\u0107. Niezale\u017cnie, czy potrzebujesz grafika, fotografa, a mo\u017ce kogo\u015b, kto zajmie si\u0119 projektem kompleksowo, b\u0119d\u0119 m\u00f3g\u0142 pom\u00f3c. Zadzwo\u0144 do mnie lub napisz i przedstaw swoje potrzeby. Mo\u017cesz skorzysta\u0107 r\u00f3wnie\u017c z poni\u017cszego formularza.<\/p>\n\t\t<div class=\"qodef-m-button\">\n\t\t\t<\/div>\n<\/div>\n\t\t<\/div>\n\t\t\t\t<\/div>\n\t\t\t\t<section class=\"elementor-section elementor-inner-section elementor-element elementor-element-ee3c69c elementor-section-boxed elementor-section-height-default elementor-section-height-default qodef-backgound-letter-holder-no qodef-elementor-content-no\" data-id=\"ee3c69c\" data-element_type=\"section\">\n\t\t\t\t\t\t<div class=\"elementor-container elementor-column-gap-default\">\n\t\t\t\t\t<div class=\"elementor-column elementor-col-100 elementor-inner-column elementor-element elementor-element-7b6a35e\" data-id=\"7b6a35e\" data-element_type=\"column\">\n\t\t\t<div class=\"elementor-widget-wrap elementor-element-populated\">\n\t\t\t\t\t\t\t\t<div class=\"elementor-element elementor-element-b4b1a75 elementor-widget elementor-widget-text-editor\" data-id=\"b4b1a75\" data-element_type=\"widget\" data-widget_type=\"text-editor.default\">\n\t\t\t\t<div class=\"elementor-widget-container\">\n\t\t\t\t\t\t\t<h4>Kontakt:<\/h4>\t\t\t\t\t\t<\/div>\n\t\t\t\t<\/div>\n\t\t\t\t<div class=\"elementor-element elementor-element-a00618d elementor-widget elementor-widget-text-editor\" data-id=\"a00618d\" data-element_type=\"widget\" data-widget_type=\"text-editor.default\">\n\t\t\t\t<div class=\"elementor-widget-container\">\n\t\t\t\t\t\t\t<h5><span style=\"color: #3d3d3d;\"><a style=\"color: #3d3d3d;\" href=\"tel:48535328306\">+48 535 328 306<\/a><\/span><\/h5>\t\t\t\t\t\t<\/div>\n\t\t\t\t<\/div>\n\t\t\t\t<div class=\"elementor-element elementor-element-3c5dbb9 elementor-widget elementor-widget-text-editor\" data-id=\"3c5dbb9\" data-element_type=\"widget\" data-widget_type=\"text-editor.default\">\n\t\t\t\t<div class=\"elementor-widget-container\">\n\t\t\t\t\t\t\t<h5><span style=\"color: #3d3d3d;\"><a style=\"color: #3d3d3d;\" href=\"mailto:muisto@muisto.co\">muisto@muisto.co<\/a><\/span><\/h5>\t\t\t\t\t\t<\/div>\n\t\t\t\t<\/div>\n\t\t\t\t<div class=\"elementor-element elementor-element-8867f9f elementor-widget elementor-widget-laurits_core_social_links\" data-id=\"8867f9f\" data-element_type=\"widget\" data-widget_type=\"laurits_core_social_links.default\">\n\t\t\t\t<div class=\"elementor-widget-container\">\n\t\t\t<div class=\"qodef-shortcode qodef-m  qodef-social-links qodef-items-direction--horizontal qodef-items-underline qodef-items-align--left qodef-appear-animation--no\" data-appearing-delay=\"0\">\n\t<div class=\"qodef-m-items\">\n\t\t<div class=\"qodef-m-item qodef-e\" style=\"font-size: 16px\">\n\t\t\t<a itemprop=\"url\" href=\"https:\/\/www.instagram.com\/muisto.co\/\" target=\"_blank\">\n\t\t<span class=\"qodef-e-text\" >Instagram<\/span>\n\t\t\t<\/a>\n\t<\/div>\n<div class=\"qodef-m-item qodef-e\" style=\"font-size: 16px\">\n\t\t\t<a itemprop=\"url\" href=\"https:\/\/www.facebook.com\/muisto.co\/\" target=\"_blank\">\n\t\t<span class=\"qodef-e-text\" >Facebook<\/span>\n\t\t\t<\/a>\n\t<\/div>\n\t<\/div>\n<\/div>\n\t\t<\/div>\n\t\t\t\t<\/div>\n\t\t\t\t\t<\/div>\n\t\t<\/div>\n\t\t\t\t\t\t\t<\/div>\n\t\t<\/section>\n\t\t\t\t<section class=\"elementor-section elementor-inner-section elementor-element elementor-element-ef3e9bd elementor-section-boxed elementor-section-height-default elementor-section-height-default qodef-backgound-letter-holder-no qodef-elementor-content-no\" data-id=\"ef3e9bd\" data-element_type=\"section\">\n\t\t\t\t\t\t<div class=\"elementor-container elementor-column-gap-default\">\n\t\t\t\t\t<div class=\"elementor-column elementor-col-100 elementor-inner-column elementor-element elementor-element-0f9ac9b\" data-id=\"0f9ac9b\" data-element_type=\"column\">\n\t\t\t<div class=\"elementor-widget-wrap elementor-element-populated\">\n\t\t\t\t\t\t\t\t<div class=\"elementor-element elementor-element-d7108c6 elementor-widget elementor-widget-text-editor\" data-id=\"d7108c6\" data-element_type=\"widget\" data-widget_type=\"text-editor.default\">\n\t\t\t\t<div class=\"elementor-widget-container\">\n\t\t\t\t\t\t\t<h4>Napisz na pr\u0119dce<\/h4>\t\t\t\t\t\t<\/div>\n\t\t\t\t<\/div>\n\t\t\t\t<div class=\"elementor-element elementor-element-397a410 elementor-widget__width-initial elementor-widget elementor-widget-wp-widget-laurits_core_contact_form_7\" data-id=\"397a410\" data-element_type=\"widget\" data-widget_type=\"wp-widget-laurits_core_contact_form_7.default\">\n\t\t\t\t<div class=\"elementor-widget-container\">\n\t\t\t\t\t\t<div class=\"qodef-contact-form-7\">\n\t\t\t\t<div role=\"form\" class=\"wpcf7\" id=\"wpcf7-f3982-o1\" lang=\"en-US\" dir=\"ltr\">\n<div class=\"screen-reader-response\"><p role=\"status\" aria-live=\"polite\" aria-atomic=\"true\"><\/p> <ul><\/ul><\/div>\n<form action=\"\/index.php\/wp-json\/wp\/v2\/pages\/3706#wpcf7-f3982-o1\" method=\"post\" class=\"wpcf7-form init\" novalidate=\"novalidate\" data-status=\"init\">\n<div style=\"display: none;\">\n<input type=\"hidden\" name=\"_wpcf7\" value=\"3982\" \/>\n<input type=\"hidden\" name=\"_wpcf7_version\" value=\"5.5.6\" \/>\n<input type=\"hidden\" name=\"_wpcf7_locale\" value=\"en_US\" \/>\n<input type=\"hidden\" name=\"_wpcf7_unit_tag\" value=\"wpcf7-f3982-o1\" \/>\n<input type=\"hidden\" name=\"_wpcf7_container_post\" value=\"0\" \/>\n<input type=\"hidden\" name=\"_wpcf7_posted_data_hash\" value=\"\" \/>\n<\/div>\n<div class=\"qodef-main-form\">\n<span class=\"wpcf7-form-control-wrap your-name\"><input type=\"text\" name=\"your-name\" value=\"\" size=\"40\" class=\"wpcf7-form-control wpcf7-text wpcf7-validates-as-required\" aria-required=\"true\" aria-invalid=\"false\" placeholder=\"Imi\u0119\" \/><\/span><br \/>\n<span class=\"wpcf7-form-control-wrap your-email\"><input type=\"email\" name=\"your-email\" value=\"\" size=\"40\" class=\"wpcf7-form-control wpcf7-text wpcf7-email wpcf7-validates-as-required wpcf7-validates-as-email\" aria-required=\"true\" aria-invalid=\"false\" placeholder=\"E-mail\" \/><\/span><\/p>\n<div class=\"qodef-button-holder\">\n<span class=\"wpcf7-form-control-wrap your-message\"><textarea name=\"your-message\" cols=\"40\" rows=\"10\" class=\"wpcf7-form-control wpcf7-textarea\" aria-invalid=\"false\" placeholder=\"Wiadomo\u015b\u0107\"><\/textarea><\/span><button type=\"submit\" class=\"wpcf7-form-control wpcf7-submit qodef-button qodef-size--normal qodef-layout--textual qodef-m\"><span class=\"qodef-m-text\">Wy\u015blij<\/span><\/button>\n<\/div>\n<\/div>\n<p style=\"display: none !important;\"><label>&#916;<textarea name=\"_wpcf7_ak_hp_textarea\" cols=\"45\" rows=\"8\" maxlength=\"100\"><\/textarea><\/label><input type=\"hidden\" id=\"ak_js_1\" name=\"_wpcf7_ak_js\" value=\"12\"\/><script>document.getElementById( \"ak_js_1\" ).setAttribute( \"value\", ( new Date() ).getTime() );<\/script><\/p><div class=\"wpcf7-response-output\" aria-hidden=\"true\"><\/div><\/form><\/div>\t\t\t<\/div>\n\t\t\t\t\t<\/div>\n\t\t\t\t<\/div>\n\t\t\t\t\t<\/div>\n\t\t<\/div>\n\t\t\t\t\t\t\t<\/div>\n\t\t<\/section>\n\t\t\t\t<div class=\"elementor-element elementor-element-c7a68f2 elementor-widget elementor-widget-text-editor\" data-id=\"c7a68f2\" data-element_type=\"widget\" data-widget_type=\"text-editor.default\">\n\t\t\t\t<div class=\"elementor-widget-container\">\n\t\t\t\t\t\t\t<h6>Zdj\u0119cie: <span style=\"text-decoration: underline;\"><a href=\"https:\/\/marcin-gruner.tumblr.com\/\">Marcin Gr\u00fcner<\/a><\/span><\/h6>\t\t\t\t\t\t<\/div>\n\t\t\t\t<\/div>\n\t\t\t\t\t<\/div>\n\t\t<\/div>\n\t\t\t\t\t\t\t<\/div>\n\t\t<\/section>\n\t\t\t\t\t\t\t<\/div>\n\t\t","protected":false},"excerpt":{"rendered":"<p>Ciesz\u0119 si\u0119, \u017ce tu jeste\u015b. Ju\u017c jad\u0119 do Ciebie. Z pewno\u015bci\u0105 b\u0119d\u0119 m\u00f3g\u0142 co\u015b dla Ciebie zrobi\u0107. Niezale\u017cnie, czy potrzebujesz grafika, fotografa, a mo\u017ce kogo\u015b, kto zajmie si\u0119 projektem kompleksowo, b\u0119d\u0119 m\u00f3g\u0142 pom\u00f3c. Zadzwo\u0144 do mnie lub napisz i przedstaw swoje potrzeby. Mo\u017cesz skorzysta\u0107 r\u00f3wnie\u017c z poni\u017cszego formularza. Kontakt: +48 535 328 306 muisto@muisto.co Instagram [&hellip;]<\/p>\n","protected":false},"author":1,"featured_media":0,"parent":0,"menu_order":0,"comment_status":"closed","ping_status":"closed","template":"page-full-width.php","meta":{"footnotes":""},"class_list":["post-3706","page","type-page","status-publish","hentry"],"_links":{"self":[{"href":"https:\/\/grafika.muisto.co\/index.php\/wp-json\/wp\/v2\/pages\/3706","targetHints":{"allow":["GET"]}}],"collection":[{"href":"https:\/\/grafika.muisto.co\/index.php\/wp-json\/wp\/v2\/pages"}],"about":[{"href":"https:\/\/grafika.muisto.co\/index.php\/wp-json\/wp\/v2\/types\/page"}],"author":[{"embeddable":true,"href":"https:\/\/grafika.muisto.co\/index.php\/wp-json\/wp\/v2\/users\/1"}],"replies":[{"embeddable":true,"href":"https:\/\/grafika.muisto.co\/index.php\/wp-json\/wp\/v2\/comments?post=3706"}],"version-history":[{"count":65,"href":"https:\/\/grafika.muisto.co\/index.php\/wp-json\/wp\/v2\/pages\/3706\/revisions"}],"predecessor-version":[{"id":13602,"href":"https:\/\/grafika.muisto.co\/index.php\/wp-json\/wp\/v2\/pages\/3706\/revisions\/13602"}],"wp:attachment":[{"href":"https:\/\/grafika.muisto.co\/index.php\/wp-json\/wp\/v2\/media?parent=3706"}],"curies":[{"name":"wp","href":"https:\/\/api.w.org\/{rel}","templated":true}]}}